{"id":643,"date":"2014-05-12T12:30:45","date_gmt":"2014-05-12T12:30:45","guid":{"rendered":"http:\/\/duckling.es\/home\/"},"modified":"2025-11-11T12:54:08","modified_gmt":"2025-11-11T11:54:08","slug":"home","status":"publish","type":"page","link":"https:\/\/duckling.es\/es\/","title":{"rendered":"Home"},"content":{"rendered":"<p>[vc_row parallax=&#8221;content-moving&#8221; prlx_opacity=&#8221;opacity-7&#8243; bg_opacity=&#8221;opacity-10&#8243; uniq_id=&#8221;section-167&#8243; css=&#8221;.vc_custom_1527084914935{background-color: #181818 !important;}&#8221; el_id=&#8221;what&#8221;][vc_column]<div class=\"center\"><div class=\"section-title\"><h2 style=\"color:;\" class=\"has-subtitle\">Nuestro Trabajo<\/h2><h3 style=\"color:;\" class=\"additional\">Ni m\u00e1s, ni menos<\/h3><\/div><\/div>[vc_column_text css_animation=&#8221;fadeIn&#8221;]Desarrollamos sitios web y soluciones digitales modernas y a medida: claros, funcionales y alineados con sus objetivos.<\/p>\n<p>Con sede en Tenerife, combinamos experiencia internacional con un conocimiento real del mercado canario.<\/p>\n<p>&nbsp;<\/p>\n<p>Sitios web &amp; CMS<br \/>\nSitios web modernos y r\u00e1pidos: bien estructurados, multiling\u00fces y f\u00e1ciles de gestionar.<\/p>\n<p>Reservas &amp; E-Commerce<br \/>\nSistemas de reservas, calendarios de disponibilidad, proveedores de pago y facturaci\u00f3n, integrados de forma impecable.<\/p>\n<p>Optimizaci\u00f3n &amp; SEO<br \/>\nVisibilidad, velocidad de carga y seguridad. Hacemos su sitio m\u00e1s r\u00e1pido y f\u00e1cil de encontrar.<\/p>\n<p>Mantenimiento &amp; Formaci\u00f3n<br \/>\nActualizaciones, copias de seguridad y soporte, adem\u00e1s de formaciones breves para que pueda trabajar con seguridad.[\/vc_column_text][\/vc_column][\/vc_row][vc_row parallax=&#8221;content-moving&#8221; css_animation=&#8221;fadeIn&#8221; prlx_opacity=&#8221;opacity-7&#8243; bg_opacity=&#8221;opacity-10&#8243; uniq_id=&#8221;section-167&#8243; el_id=&#8221;whom&#8221;][vc_column]<div class=\"center\"><div class=\"section-title\"><h2 style=\"color:;\" class=\"has-subtitle\">Nuestros Clientes<\/h2><h3 style=\"color:;\" class=\"additional\">Para qui\u00e9n trabajamos<\/h3><\/div><\/div>[vc_column_text css_animation=&#8221;fadeIn&#8221;]<\/p>\n<p data-start=\"815\" data-end=\"940\">Conocemos las necesidades de las empresas locales y hablamos alem\u00e1n, ingl\u00e9s y espa\u00f1ol.<\/p>\n<p data-start=\"1309\" data-end=\"1342\">\u2022 Hoteles y apartamentos vacacionales (incluidos Airbnbs)<br \/>\n\u2022 Corredores de seguros y proveedores de servicios<br \/>\n\u2022 Empresas de alquiler de coches<br \/>\n\u2022 Empresas de jardiner\u00eda y oficios<br \/>\n\u2022 Estudios de yoga y fisioterapeutas<br \/>\n\u2022 Salones de belleza y est\u00e9tica<br \/>\n\u2022 Inmobiliarias y servicios locales<br \/>\n\u2022 \u00a1y mucho m\u00e1s!<\/p>\n<p>[\/vc_column_text][\/vc_column][\/vc_row][vc_row css_animation=&#8221;fadeIn&#8221; bg_opacity=&#8221;opacity-1&#8243; uniq_id=&#8221;section-99&#8243; el_id=&#8221;technology&#8221; css=&#8221;.vc_custom_1762860999192{background-color: #181818 !important;}&#8221;][vc_column]<div class=\"center\"><div class=\"section-title\"><h2 style=\"color:;\" class=\"has-subtitle\">Tecnolog\u00eda<\/h2><h3 style=\"color:;\" class=\"additional\">Hablamos su idioma<\/h3><\/div><\/div>[vc_column_text css_animation=&#8221;fadeIn&#8221;]<span style=\"color: #9fdf3b;\">&lt;?php<\/span>\u00a0<span style=\"color: #f51e69;\">if<\/span>\u00a0<span style=\"color: #61d5eb;\">!empty<\/span><span style=\"color: #ffffff;\">(<\/span><span style=\"color: #ffe792;\">$idea<\/span><span style=\"color: #ffffff;\">)<\/span><span style=\"color: #ffffff;\"> {\u00a0<\/span><span style=\"color: #f51e69;\">echo<\/span> <span style=\"color: #ffe792;\">$marketingtext;\u00a0<\/span><span style=\"color: #ffffff;\">}<\/span> <span style=\"color: #9fdf3b;\">?&gt;<\/span>[\/vc_column_text][vc_column_text css_animation=&#8221;fadeIn&#8221;]\u00bfNada claro? Para eso estamos. Elegimos la mejor tecnolog\u00eda seg\u00fan las necesidades.<\/p>\n<p data-start=\"2136\" data-end=\"2225\">Seleccionamos las herramientas por su utilidad, no por las tendencias: estables, seguras y f\u00e1ciles de mantener.<\/p>\n<p data-start=\"2227\" data-end=\"2343\">Python &amp; Django \u00b7 Tailwind &amp; HTMX \u00b7 WordPress \u00b7 Copias de seguridad en la nube \u00b7 Soluciones conformes al RGPD<\/p>\n<p>[\/vc_column_text][\/vc_column][\/vc_row][vc_row parallax=&#8221;content-moving&#8221; css_animation=&#8221;fadeIn&#8221; prlx_opacity=&#8221;opacity-100&#8243; bg_opacity=&#8221;opacity-5&#8243; uniq_id=&#8221;section-170&#8243; el_id=&#8221;how&#8221;][vc_column]<div class=\"center\"><div class=\"section-title\"><h2 style=\"color:;\" class=\"has-subtitle\">Nuestra Forma de Trabajar<\/h2><h3 style=\"color:;\" class=\"additional\">Llam\u00e9moslo Filosof\u00eda<\/h3><\/div><\/div>[vc_column_text css_animation=&#8221;fadeIn&#8221;]<\/p>\n<p class=\"wpb_content_element cite opacity-90 center\">No creemos en la burocracia ni en el papeleo. Nuestra pasi\u00f3n es el desarrollo y el dise\u00f1o.<\/p>\n<p>Sencillos, claros y directos: as\u00ed es tanto nuestra forma de trabajar como nuestra comunicaci\u00f3n.<\/p>\n<p class=\"opacity-100\">\u00abLA SIMPLICIDAD LLEVADA AL EXTREMO SE CONVIERTE EN ELEGANCIA\u00bb<br \/>\n<span style=\"font-size: 12px; color: #aaaaaa;\">Jon Franklin<\/span><\/p>\n<p>[\/vc_column_text][\/vc_column][\/vc_row][vc_row css_animation=&#8221;fadeIn&#8221; bg_opacity=&#8221;opacity-1&#8243; uniq_id=&#8221;section-61&#8243; el_id=&#8221;where&#8221; css=&#8221;.vc_custom_1762861013996{background-color: #181818 !important;}&#8221;][vc_column]<div class=\"center\"><div class=\"section-title\"><h2 style=\"color:;\" class=\"has-subtitle\">Nuestra Ubicaci\u00f3n<\/h2><h3 style=\"color:;\" class=\"additional\">Think global, act local<\/h3><\/div><\/div>[vc_column_text css_animation=&#8221;fadeIn&#8221;]Nuestra sede se encuentra en Tenerife, en el coraz\u00f3n de las Islas Canarias.<\/p>\n<p>Aqu\u00ed trabajamos en estrecha colaboraci\u00f3n con empresas, instituciones y clientes locales.<\/p>\n<p>Conocemos muy bien el mercado regional, las particularidades culturales y los diferentes idiomas de las islas.<\/p>\n<p>Al mismo tiempo, nuestros socios en todo el mundo se benefician de nuestra experiencia internacional y de nuestra red global.<br \/>\n[\/vc_column_text][\/vc_column][\/vc_row][vc_row el_id=&#8221;contact&#8221;][vc_column el_class=&#8221;contact_title&#8221;]<div class=\"center\"><div class=\"section-title\"><h2 style=\"color:;\" class=\"has-subtitle\">Contacto<\/h2><h3 style=\"color:;\" class=\"additional\">\u00bfUn proyecto interesante? \u00a1Te estamos esperando!<\/h3><\/div><\/div>[\/vc_column][\/vc_row][vc_row css_animation=&#8221;fadeIn&#8221;][vc_column width=&#8221;1\/3&#8243; css=&#8221;.vc_custom_1528930137141{margin-top: -40px !important;}&#8221;][vc_column_text css_animation=&#8221;fadeIn&#8221; el_class=&#8221;address&#8221;]<\/p>\n<div class=\"address\" data-scroll-reveal=\"enter left and move 50px\">\n<address>\n<dl>\n<dt><i class=\"icon icon_pin\"><\/i><\/dt>\n<dd><strong>DUCKLING IT SOLUTIONS<\/strong><\/p>\n<p>+34 822 621 021<br \/>\n+34 822 620 021<\/dd>\n<dd><\/dd>\n<\/dl>\n<\/address>\n<\/div>\n<p>[\/vc_column_text][\/vc_column][vc_column width=&#8221;2\/3&#8243; el_class=&#8221;address-form&#8221; css=&#8221;.vc_custom_1528913559016{margin-top: -40px !important;margin-bottom: -20px !important;}&#8221;][vc_column_text css_animation=&#8221;fadeIn&#8221;]Sencillo. Transparente. Personal. Cada proyecto comienza con una conversaci\u00f3n, no con la tecnolog\u00eda.<br \/>\n[\/vc_column_text]<div role=\"form\" class=\"wpcf7\" id=\"wpcf7-f367-o1\" lang=\"de-DE\" dir=\"ltr\">\n<div class=\"screen-reader-response\"><p role=\"status\" aria-live=\"polite\" aria-atomic=\"true\"><\/p> <ul><\/ul><\/div>\n<form action=\"\/es\/wp-json\/wp\/v2\/pages\/643#wpcf7-f367-o1\" method=\"post\" class=\"wpcf7-form init\" novalidate=\"novalidate\" data-status=\"init\">\n<div style=\"display: none;\">\n<input type=\"hidden\" name=\"_wpcf7\" value=\"367\" \/>\n<input type=\"hidden\" name=\"_wpcf7_version\" value=\"5.3.2\" \/>\n<input type=\"hidden\" name=\"_wpcf7_locale\" value=\"de_DE\" \/>\n<input type=\"hidden\" name=\"_wpcf7_unit_tag\" value=\"wpcf7-f367-o1\" \/>\n<input type=\"hidden\" name=\"_wpcf7_container_post\" value=\"0\" \/>\n<input type=\"hidden\" name=\"_wpcf7_posted_data_hash\" value=\"\" \/>\n<\/div>\n<div class=\"wps-form\">\n<div class=\"wps-form-row\">\n<div class=\"wps-form-column\">\n<p>    <span class=\"wpcf7-form-control-wrap your-name\"><input type=\"text\" name=\"your-name\" value=\"\" size=\"40\" class=\"wpcf7-form-control wpcf7-text wpcf7-validates-as-required\" aria-required=\"true\" aria-invalid=\"false\" placeholder=\"Name\" \/><\/span> <\/p><\/div>\n<div class=\"wps-form-column-left\">\n    <span class=\"wpcf7-form-control-wrap your-email\"><input type=\"email\" name=\"your-email\" value=\"\" size=\"40\" class=\"wpcf7-form-control wpcf7-text wpcf7-email wpcf7-validates-as-required wpcf7-validates-as-email\" aria-required=\"true\" aria-invalid=\"false\" placeholder=\"E-Mail\" \/><\/span><\/div>\n<\/div><\/div>\n<div class=\"wps-form-row\">\n<div class=\"wps-form-column-right\">\n<span class=\"wpcf7-form-control-wrap your-message\"><textarea name=\"your-message\" cols=\"8\" rows=\"8\" class=\"wpcf7-form-control wpcf7-textarea wpcf7-validates-as-required\" aria-required=\"true\" aria-invalid=\"false\" placeholder=\"Nachricht\"><\/textarea><\/span>\n <\/div><\/div>\n<p><style scoped>.captcha-image label > input:checked + i {color: ;} <\/style>\r\n    <span class=\"wpcf7-form-control-wrap kc_captcha\"> <span class=\"wpcf7-form-control wpcf7-cf7ic\"> <span class=\"captcha-image cf7ic-style1\" style=\"border:none; display:block; text-align:left; \"><span style=\"\">\u00bfNo te gusta el SPAM? A nosotros tampoco! <br>Por favor, seleccione  <span style=\"color:#e2a743; \">la casa<\/span> <\/span><span class=\"cf7ic-icon-wrapper\" style=\"font-size:20px; \"><label style=\"float:right; \"><input type=\"radio\" name=\"kc_captcha\" value=\"kc_human\" \/><i class=\"fa fa-home\" style=\"\"><\/i><\/label><label style=\"float:right; \"><input type=\"radio\" name=\"kc_captcha\" value=\"bot\" \/><i class=\"fa fa-tree\" style=\"\"><\/i><\/label><label style=\"float:right; \"><input type=\"radio\" name=\"kc_captcha\" value=\"bot\" \/><i class=\"fa fa-truck\" style=\"\"><\/i><\/label><\/span> <\/span> <span style=\"display:none\"> <input type=\"text\" name=\"kc_honeypot\"> <input type=\"hidden\" name=\"cf7ic_exists\" value=\"true\"\/> <\/span> <\/span><\/span><br \/>\n<input type=\"submit\" value=\"Senden\" class=\"wpcf7-form-control wpcf7-submit\" \/><\/p>\n<div class=\"wpcf7-response-output\" aria-hidden=\"true\"><\/div><\/form><\/div>[\/vc_column][\/vc_row]<\/p>\n","protected":false},"excerpt":{"rendered":"<p>[vc_row parallax=&#8221;content-moving&#8221; prlx_opacity=&#8221;opacity-7&#8243; bg_opacity=&#8221;opacity-10&#8243; uniq_id=&#8221;section-167&#8243; css=&#8221;.vc_custom_1527084914935{background-color: #181818 !important;}&#8221; el_id=&#8221;what&#8221;][vc_column][vc_column_text css_animation=&#8221;fadeIn&#8221;]Desarrollamos sitios web y soluciones digitales modernas y a medida: claros, funcionales y alineados con sus objetivos. Con sede en Tenerife,&#8230;<span class=\"screen-reader-text\">  Home<\/span><\/p>\n","protected":false},"author":1,"featured_media":0,"parent":0,"menu_order":0,"comment_status":"open","ping_status":"open","template":"","meta":[],"_links":{"self":[{"href":"https:\/\/duckling.es\/es\/wp-json\/wp\/v2\/pages\/643"}],"collection":[{"href":"https:\/\/duckling.es\/es\/wp-json\/wp\/v2\/pages"}],"about":[{"href":"https:\/\/duckling.es\/es\/wp-json\/wp\/v2\/types\/page"}],"author":[{"embeddable":true,"href":"https:\/\/duckling.es\/es\/wp-json\/wp\/v2\/users\/1"}],"replies":[{"embeddable":true,"href":"https:\/\/duckling.es\/es\/wp-json\/wp\/v2\/comments?post=643"}],"version-history":[{"count":10,"href":"https:\/\/duckling.es\/es\/wp-json\/wp\/v2\/pages\/643\/revisions"}],"predecessor-version":[{"id":2343,"href":"https:\/\/duckling.es\/es\/wp-json\/wp\/v2\/pages\/643\/revisions\/2343"}],"wp:attachment":[{"href":"https:\/\/duckling.es\/es\/wp-json\/wp\/v2\/media?parent=643"}],"curies":[{"name":"wp","href":"https:\/\/api.w.org\/{rel}","templated":true}]}}